{"id":10,"date":"2024-02-05T16:54:12","date_gmt":"2024-02-05T15:54:12","guid":{"rendered":"https:\/\/futurgold.com\/eche\/?page_id=10"},"modified":"2024-02-06T16:26:28","modified_gmt":"2024-02-06T15:26:28","slug":"musikvermittelnd-projekte","status":"publish","type":"page","link":"https:\/\/www.eche.at\/en\/musikvermittelnd-projekte\/","title":{"rendered":"musikvermittelnd &#8211; Projekte"},"content":{"rendered":"<figure class=\"wp-block-image size-full\"><img loading=\"lazy\" decoding=\"async\" width=\"800\" height=\"500\" src=\"http:\/\/www.eche.at\/wp-content\/uploads\/2024\/02\/fb_dsc_1906.jpg\" alt=\"\" class=\"wp-image-11\" srcset=\"https:\/\/www.eche.at\/wp-content\/uploads\/2024\/02\/fb_dsc_1906.jpg 800w, https:\/\/www.eche.at\/wp-content\/uploads\/2024\/02\/fb_dsc_1906-300x188.jpg 300w, https:\/\/www.eche.at\/wp-content\/uploads\/2024\/02\/fb_dsc_1906-768x480.jpg 768w\" sizes=\"auto, (max-width: 800px) 100vw, 800px\" \/><\/figure>\n\n\n\n<p>Was ist Musikvermittlung?<\/p>\n\n\n\n<p>Aus allen m\u00f6glichen Begriffserkl\u00e4rungen und Interpretationen f\u00e4llt meine Entscheidung auf diesen Erkl\u00e4rungsansatz:<\/p>\n\n\n\n<p>Musikvermittlung bietet Zug\u00e4nge,&nbsp;weckt Neugierde, l\u00f6st Begeisterung aus&nbsp;und st\u00e4rkt das Interesse&nbsp;zur Musik!<\/p>\n\n\n\n<p><strong>Referenzen:<\/strong><\/p>\n\n\n\n<p>Salzburger Pfingsfestspiele<\/p>\n\n\n\n<p>OFF &#8211; Oboe Fagott Festival Kremsm\u00fcnster<\/p>\n\n\n\n<p>Internationaler Violinwettbewerb Leopold Mozart<\/p>\n\n\n\n<p>Live Music Now &#8211; Augsburg<\/p>\n\n\n\n<p>Poldis Kleine Konzerte<\/p>\n\n\n\n<p>Helbling Verlag<\/p>\n\n\n\n<p>Lugert Verlag<\/p>\n\n\n\n<p>emcy &#8211; European Union of Music Competitions for Youth<\/p>\n\n\n\n<p>O\u00d6. Stiftskonzerte<\/p>\n\n\n\n<p><strong>Museen und Ausstellungsh\u00e4user<\/strong><\/p>\n\n\n\n<p>Lentos Kunstmuseum Linz<\/p>\n\n\n\n<p>Nordico Stadtmuseum Linz<\/p>\n\n\n\n<p>Anton-Bruckner-Museum Ansfelden<\/p>\n\n\n\n<p>Kunsthalle Wien<\/p>\n\n\n\n<p>Mozart-Wohnhaus Salzburg<\/p>\n\n\n\n<p><strong>Universit\u00e4ten und Hochschulen<\/strong><\/p>\n\n\n\n<p>Anton Bruckner Privatuniversit\u00e4t Linz<\/p>\n\n\n\n<p>HfM Detmold<\/p>\n\n\n\n<p>Leopold-Mozart-Zentrum der Universit\u00e4t Augsburg<\/p>\n\n\n\n<p>Musik und Kunst Privatuniversit\u00e4t der Stadt Wien<\/p>\n\n\n\n<p>Private P\u00e4dagogische Hochschule der Di\u00f6zese Linz<\/p>\n\n\n\n<p>P\u00e4dagogische Hochschule Ober\u00f6sterreich<\/p>\n\n\n\n<p>Aus den letzten Jahren finden sich hier Fotos einiger Musikvermittlungsprojekte:<\/p>\n\n\n\n<figure class=\"wp-block-image size-full is-resized\"><img loading=\"lazy\" decoding=\"async\" width=\"1000\" height=\"750\" src=\"http:\/\/www.eche.at\/wp-content\/uploads\/2024\/02\/rossinimania_2_0_0.jpg\" alt=\"\" class=\"wp-image-152\" style=\"aspect-ratio:1;width:1143px;height:auto\" srcset=\"https:\/\/www.eche.at\/wp-content\/uploads\/2024\/02\/rossinimania_2_0_0.jpg 1000w, https:\/\/www.eche.at\/wp-content\/uploads\/2024\/02\/rossinimania_2_0_0-300x225.jpg 300w, https:\/\/www.eche.at\/wp-content\/uploads\/2024\/02\/rossinimania_2_0_0-768x576.jpg 768w\" sizes=\"auto, (max-width: 1000px) 100vw, 1000px\" \/><\/figure>\n\n\n\n<figure class=\"wp-block-image size-large\"><img loading=\"lazy\" decoding=\"async\" width=\"1024\" height=\"768\" src=\"http:\/\/www.eche.at\/wp-content\/uploads\/2024\/02\/rossinimania_1_0-1024x768.jpg\" alt=\"\" class=\"wp-image-153\" srcset=\"https:\/\/www.eche.at\/wp-content\/uploads\/2024\/02\/rossinimania_1_0-1024x768.jpg 1024w, https:\/\/www.eche.at\/wp-content\/uploads\/2024\/02\/rossinimania_1_0-300x225.jpg 300w, https:\/\/www.eche.at\/wp-content\/uploads\/2024\/02\/rossinimania_1_0-768x576.jpg 768w, https:\/\/www.eche.at\/wp-content\/uploads\/2024\/02\/rossinimania_1_0-1536x1152.jpg 1536w, https:\/\/www.eche.at\/wp-content\/uploads\/2024\/02\/rossinimania_1_0.jpg 2000w\" sizes=\"auto, (max-width: 1024px) 100vw, 1024px\" \/><\/figure>\n\n\n\n<figure class=\"wp-block-image size-full\"><img loading=\"lazy\" decoding=\"async\" width=\"1000\" height=\"750\" src=\"http:\/\/www.eche.at\/wp-content\/uploads\/2024\/02\/p1030506_-_kopie.jpg\" alt=\"\" class=\"wp-image-155\" srcset=\"https:\/\/www.eche.at\/wp-content\/uploads\/2024\/02\/p1030506_-_kopie.jpg 1000w, https:\/\/www.eche.at\/wp-content\/uploads\/2024\/02\/p1030506_-_kopie-300x225.jpg 300w, https:\/\/www.eche.at\/wp-content\/uploads\/2024\/02\/p1030506_-_kopie-768x576.jpg 768w\" sizes=\"auto, (max-width: 1000px) 100vw, 1000px\" \/><\/figure>\n\n\n\n<figure class=\"wp-block-image size-large\"><img loading=\"lazy\" decoding=\"async\" width=\"1024\" height=\"778\" src=\"http:\/\/www.eche.at\/wp-content\/uploads\/2024\/02\/p1120961_1-1024x778.jpg\" alt=\"\" class=\"wp-image-157\" srcset=\"https:\/\/www.eche.at\/wp-content\/uploads\/2024\/02\/p1120961_1-1024x778.jpg 1024w, https:\/\/www.eche.at\/wp-content\/uploads\/2024\/02\/p1120961_1-300x228.jpg 300w, https:\/\/www.eche.at\/wp-content\/uploads\/2024\/02\/p1120961_1-768x583.jpg 768w, https:\/\/www.eche.at\/wp-content\/uploads\/2024\/02\/p1120961_1-1536x1167.jpg 1536w, https:\/\/www.eche.at\/wp-content\/uploads\/2024\/02\/p1120961_1.jpg 1843w\" sizes=\"auto, (max-width: 1024px) 100vw, 1024px\" \/><\/figure>\n\n\n\n<figure class=\"wp-block-image size-full\"><img loading=\"lazy\" decoding=\"async\" width=\"1000\" height=\"667\" src=\"http:\/\/www.eche.at\/wp-content\/uploads\/2024\/02\/fb_dsc_1939.jpg\" alt=\"\" class=\"wp-image-159\" srcset=\"https:\/\/www.eche.at\/wp-content\/uploads\/2024\/02\/fb_dsc_1939.jpg 1000w, https:\/\/www.eche.at\/wp-content\/uploads\/2024\/02\/fb_dsc_1939-300x200.jpg 300w, https:\/\/www.eche.at\/wp-content\/uploads\/2024\/02\/fb_dsc_1939-768x512.jpg 768w, https:\/\/www.eche.at\/wp-content\/uploads\/2024\/02\/fb_dsc_1939-930x620.jpg 930w\" sizes=\"auto, (max-width: 1000px) 100vw, 1000px\" \/><\/figure>\n\n\n\n<figure class=\"wp-block-image size-large\"><img loading=\"lazy\" decoding=\"async\" width=\"1024\" height=\"683\" src=\"http:\/\/www.eche.at\/wp-content\/uploads\/2024\/02\/oq8a6979_0-1024x683.jpg\" alt=\"\" class=\"wp-image-160\" srcset=\"https:\/\/www.eche.at\/wp-content\/uploads\/2024\/02\/oq8a6979_0-1024x683.jpg 1024w, https:\/\/www.eche.at\/wp-content\/uploads\/2024\/02\/oq8a6979_0-300x200.jpg 300w, https:\/\/www.eche.at\/wp-content\/uploads\/2024\/02\/oq8a6979_0-768x512.jpg 768w, https:\/\/www.eche.at\/wp-content\/uploads\/2024\/02\/oq8a6979_0-1536x1024.jpg 1536w, https:\/\/www.eche.at\/wp-content\/uploads\/2024\/02\/oq8a6979_0-2048x1365.jpg 2048w, https:\/\/www.eche.at\/wp-content\/uploads\/2024\/02\/oq8a6979_0-930x620.jpg 930w\" sizes=\"auto, (max-width: 1024px) 100vw, 1024px\" \/><\/figure>\n\n\n\n<figure class=\"wp-block-image size-full\"><img loading=\"lazy\" decoding=\"async\" width=\"450\" height=\"450\" src=\"http:\/\/www.eche.at\/wp-content\/uploads\/2024\/02\/orgelpfeiferl_1_klein_0.jpg\" alt=\"\" class=\"wp-image-162\" srcset=\"https:\/\/www.eche.at\/wp-content\/uploads\/2024\/02\/orgelpfeiferl_1_klein_0.jpg 450w, https:\/\/www.eche.at\/wp-content\/uploads\/2024\/02\/orgelpfeiferl_1_klein_0-300x300.jpg 300w, https:\/\/www.eche.at\/wp-content\/uploads\/2024\/02\/orgelpfeiferl_1_klein_0-150x150.jpg 150w\" sizes=\"auto, (max-width: 450px) 100vw, 450px\" \/><\/figure>\n\n\n\n<figure class=\"wp-block-image size-large\"><img loading=\"lazy\" decoding=\"async\" width=\"1024\" height=\"684\" src=\"http:\/\/www.eche.at\/wp-content\/uploads\/2024\/02\/bruckner_im_betaubernden_linz-1024x684.jpg\" alt=\"\" class=\"wp-image-164\" srcset=\"https:\/\/www.eche.at\/wp-content\/uploads\/2024\/02\/bruckner_im_betaubernden_linz-1024x684.jpg 1024w, https:\/\/www.eche.at\/wp-content\/uploads\/2024\/02\/bruckner_im_betaubernden_linz-300x200.jpg 300w, https:\/\/www.eche.at\/wp-content\/uploads\/2024\/02\/bruckner_im_betaubernden_linz-768x513.jpg 768w, https:\/\/www.eche.at\/wp-content\/uploads\/2024\/02\/bruckner_im_betaubernden_linz-1536x1025.jpg 1536w, https:\/\/www.eche.at\/wp-content\/uploads\/2024\/02\/bruckner_im_betaubernden_linz-2048x1367.jpg 2048w, https:\/\/www.eche.at\/wp-content\/uploads\/2024\/02\/bruckner_im_betaubernden_linz-930x620.jpg 930w\" sizes=\"auto, (max-width: 1024px) 100vw, 1024px\" \/><\/figure>\n\n\n\n<figure class=\"wp-block-image size-large\"><img loading=\"lazy\" decoding=\"async\" width=\"768\" height=\"1024\" src=\"http:\/\/www.eche.at\/wp-content\/uploads\/2024\/02\/strawinsky_gewinnt_an_farbe-768x1024.jpg\" alt=\"\" class=\"wp-image-166\" srcset=\"https:\/\/www.eche.at\/wp-content\/uploads\/2024\/02\/strawinsky_gewinnt_an_farbe-768x1024.jpg 768w, https:\/\/www.eche.at\/wp-content\/uploads\/2024\/02\/strawinsky_gewinnt_an_farbe-225x300.jpg 225w, https:\/\/www.eche.at\/wp-content\/uploads\/2024\/02\/strawinsky_gewinnt_an_farbe.jpg 1000w\" sizes=\"auto, (max-width: 768px) 100vw, 768px\" \/><\/figure>\n\n\n\n<figure class=\"wp-block-image size-large\"><img loading=\"lazy\" decoding=\"async\" width=\"1024\" height=\"683\" src=\"http:\/\/www.eche.at\/wp-content\/uploads\/2024\/02\/img_4473-1024x683.jpg\" alt=\"\" class=\"wp-image-167\" srcset=\"https:\/\/www.eche.at\/wp-content\/uploads\/2024\/02\/img_4473-1024x683.jpg 1024w, https:\/\/www.eche.at\/wp-content\/uploads\/2024\/02\/img_4473-300x200.jpg 300w, https:\/\/www.eche.at\/wp-content\/uploads\/2024\/02\/img_4473-768x512.jpg 768w, https:\/\/www.eche.at\/wp-content\/uploads\/2024\/02\/img_4473-1536x1024.jpg 1536w, https:\/\/www.eche.at\/wp-content\/uploads\/2024\/02\/img_4473-2048x1365.jpg 2048w, https:\/\/www.eche.at\/wp-content\/uploads\/2024\/02\/img_4473-930x620.jpg 930w\" sizes=\"auto, (max-width: 1024px) 100vw, 1024px\" \/><\/figure>\n\n\n\n<figure class=\"wp-block-image size-large\"><img loading=\"lazy\" decoding=\"async\" width=\"1024\" height=\"768\" src=\"http:\/\/www.eche.at\/wp-content\/uploads\/2024\/02\/flora_und_fauna_1-1024x768.jpg\" alt=\"\" class=\"wp-image-169\" srcset=\"https:\/\/www.eche.at\/wp-content\/uploads\/2024\/02\/flora_und_fauna_1-1024x768.jpg 1024w, https:\/\/www.eche.at\/wp-content\/uploads\/2024\/02\/flora_und_fauna_1-300x225.jpg 300w, https:\/\/www.eche.at\/wp-content\/uploads\/2024\/02\/flora_und_fauna_1-768x576.jpg 768w, https:\/\/www.eche.at\/wp-content\/uploads\/2024\/02\/flora_und_fauna_1-1536x1152.jpg 1536w, https:\/\/www.eche.at\/wp-content\/uploads\/2024\/02\/flora_und_fauna_1-2048x1536.jpg 2048w\" sizes=\"auto, (max-width: 1024px) 100vw, 1024px\" \/><\/figure>\n\n\n\n<figure class=\"wp-block-image size-full\"><img loading=\"lazy\" decoding=\"async\" width=\"458\" height=\"279\" src=\"http:\/\/www.eche.at\/wp-content\/uploads\/2024\/02\/bruckner_mobil_3.jpg\" alt=\"\" class=\"wp-image-172\" srcset=\"https:\/\/www.eche.at\/wp-content\/uploads\/2024\/02\/bruckner_mobil_3.jpg 458w, https:\/\/www.eche.at\/wp-content\/uploads\/2024\/02\/bruckner_mobil_3-300x183.jpg 300w\" sizes=\"auto, (max-width: 458px) 100vw, 458px\" \/><\/figure>\n\n\n\n<figure class=\"wp-block-image size-large\"><img loading=\"lazy\" decoding=\"async\" width=\"1024\" height=\"756\" src=\"http:\/\/www.eche.at\/wp-content\/uploads\/2024\/02\/p1150880-1024x756.jpg\" alt=\"\" class=\"wp-image-173\" srcset=\"https:\/\/www.eche.at\/wp-content\/uploads\/2024\/02\/p1150880-1024x756.jpg 1024w, https:\/\/www.eche.at\/wp-content\/uploads\/2024\/02\/p1150880-300x222.jpg 300w, https:\/\/www.eche.at\/wp-content\/uploads\/2024\/02\/p1150880-768x567.jpg 768w, https:\/\/www.eche.at\/wp-content\/uploads\/2024\/02\/p1150880-1536x1135.jpg 1536w, https:\/\/www.eche.at\/wp-content\/uploads\/2024\/02\/p1150880-2048x1513.jpg 2048w\" sizes=\"auto, (max-width: 1024px) 100vw, 1024px\" \/><\/figure>\n\n\n\n<figure class=\"wp-block-image size-large\"><img loading=\"lazy\" decoding=\"async\" width=\"1024\" height=\"768\" src=\"http:\/\/www.eche.at\/wp-content\/uploads\/2024\/02\/kunsthalle_schueler-1024x768.jpg\" alt=\"\" class=\"wp-image-175\" srcset=\"https:\/\/www.eche.at\/wp-content\/uploads\/2024\/02\/kunsthalle_schueler-1024x768.jpg 1024w, https:\/\/www.eche.at\/wp-content\/uploads\/2024\/02\/kunsthalle_schueler-300x225.jpg 300w, https:\/\/www.eche.at\/wp-content\/uploads\/2024\/02\/kunsthalle_schueler-768x576.jpg 768w, https:\/\/www.eche.at\/wp-content\/uploads\/2024\/02\/kunsthalle_schueler.jpg 1280w\" sizes=\"auto, (max-width: 1024px) 100vw, 1024px\" \/><\/figure>\n\n\n\n<figure class=\"wp-block-image size-full is-resized\"><img loading=\"lazy\" decoding=\"async\" width=\"1024\" height=\"768\" src=\"http:\/\/www.eche.at\/wp-content\/uploads\/2024\/02\/kunsthalle_ero.jpg\" alt=\"\" class=\"wp-image-176\" style=\"aspect-ratio:1;width:1143px;height:auto\" srcset=\"https:\/\/www.eche.at\/wp-content\/uploads\/2024\/02\/kunsthalle_ero.jpg 1024w, https:\/\/www.eche.at\/wp-content\/uploads\/2024\/02\/kunsthalle_ero-300x225.jpg 300w, https:\/\/www.eche.at\/wp-content\/uploads\/2024\/02\/kunsthalle_ero-768x576.jpg 768w\" sizes=\"auto, (max-width: 1024px) 100vw, 1024px\" \/><\/figure>\n\n\n\n<figure class=\"wp-block-image size-large\"><img loading=\"lazy\" decoding=\"async\" width=\"1024\" height=\"666\" src=\"http:\/\/www.eche.at\/wp-content\/uploads\/2024\/02\/ws_augsburg2-1024x666.jpg\" alt=\"\" class=\"wp-image-177\" srcset=\"https:\/\/www.eche.at\/wp-content\/uploads\/2024\/02\/ws_augsburg2-1024x666.jpg 1024w, https:\/\/www.eche.at\/wp-content\/uploads\/2024\/02\/ws_augsburg2-300x195.jpg 300w, https:\/\/www.eche.at\/wp-content\/uploads\/2024\/02\/ws_augsburg2-768x500.jpg 768w, https:\/\/www.eche.at\/wp-content\/uploads\/2024\/02\/ws_augsburg2-1536x999.jpg 1536w, https:\/\/www.eche.at\/wp-content\/uploads\/2024\/02\/ws_augsburg2.jpg 1663w\" sizes=\"auto, (max-width: 1024px) 100vw, 1024px\" \/><\/figure>\n\n\n\n<figure class=\"wp-block-image size-large\"><img loading=\"lazy\" decoding=\"async\" width=\"1024\" height=\"683\" src=\"http:\/\/www.eche.at\/wp-content\/uploads\/2024\/02\/bruckner_tauber_1-1024x683.jpg\" alt=\"\" class=\"wp-image-179\" srcset=\"https:\/\/www.eche.at\/wp-content\/uploads\/2024\/02\/bruckner_tauber_1-1024x683.jpg 1024w, https:\/\/www.eche.at\/wp-content\/uploads\/2024\/02\/bruckner_tauber_1-300x200.jpg 300w, https:\/\/www.eche.at\/wp-content\/uploads\/2024\/02\/bruckner_tauber_1-768x512.jpg 768w, https:\/\/www.eche.at\/wp-content\/uploads\/2024\/02\/bruckner_tauber_1-930x620.jpg 930w, https:\/\/www.eche.at\/wp-content\/uploads\/2024\/02\/bruckner_tauber_1.jpg 1500w\" sizes=\"auto, (max-width: 1024px) 100vw, 1024px\" \/><\/figure>\n\n\n\n<figure class=\"wp-block-image size-full\"><img loading=\"lazy\" decoding=\"async\" width=\"1000\" height=\"665\" src=\"http:\/\/www.eche.at\/wp-content\/uploads\/2024\/02\/trio_b.hertzt.jpg\" alt=\"\" class=\"wp-image-180\" srcset=\"https:\/\/www.eche.at\/wp-content\/uploads\/2024\/02\/trio_b.hertzt.jpg 1000w, https:\/\/www.eche.at\/wp-content\/uploads\/2024\/02\/trio_b.hertzt-300x200.jpg 300w, https:\/\/www.eche.at\/wp-content\/uploads\/2024\/02\/trio_b.hertzt-768x511.jpg 768w\" sizes=\"auto, (max-width: 1000px) 100vw, 1000px\" \/><\/figure>\n\n\n\n<figure class=\"wp-block-image size-large\"><img loading=\"lazy\" decoding=\"async\" width=\"1016\" height=\"1024\" src=\"http:\/\/www.eche.at\/wp-content\/uploads\/2024\/02\/bruckner_spiel_1-1016x1024.jpg\" alt=\"\" class=\"wp-image-181\" srcset=\"https:\/\/www.eche.at\/wp-content\/uploads\/2024\/02\/bruckner_spiel_1-1016x1024.jpg 1016w, https:\/\/www.eche.at\/wp-content\/uploads\/2024\/02\/bruckner_spiel_1-298x300.jpg 298w, https:\/\/www.eche.at\/wp-content\/uploads\/2024\/02\/bruckner_spiel_1-150x150.jpg 150w, https:\/\/www.eche.at\/wp-content\/uploads\/2024\/02\/bruckner_spiel_1-768x774.jpg 768w, https:\/\/www.eche.at\/wp-content\/uploads\/2024\/02\/bruckner_spiel_1-1523x1536.jpg 1523w, https:\/\/www.eche.at\/wp-content\/uploads\/2024\/02\/bruckner_spiel_1-2031x2048.jpg 2031w\" sizes=\"auto, (max-width: 1016px) 100vw, 1016px\" \/><\/figure>\n\n\n\n<figure class=\"wp-block-image size-full\"><img loading=\"lazy\" decoding=\"async\" width=\"931\" height=\"296\" src=\"http:\/\/www.eche.at\/wp-content\/uploads\/2024\/02\/hand_in_hand.jpg\" alt=\"\" class=\"wp-image-184\" srcset=\"https:\/\/www.eche.at\/wp-content\/uploads\/2024\/02\/hand_in_hand.jpg 931w, https:\/\/www.eche.at\/wp-content\/uploads\/2024\/02\/hand_in_hand-300x95.jpg 300w, https:\/\/www.eche.at\/wp-content\/uploads\/2024\/02\/hand_in_hand-768x244.jpg 768w\" sizes=\"auto, (max-width: 931px) 100vw, 931px\" \/><\/figure>\n\n\n\n<figure class=\"wp-block-image size-large\"><img loading=\"lazy\" decoding=\"async\" width=\"1024\" height=\"682\" src=\"http:\/\/www.eche.at\/wp-content\/uploads\/2024\/02\/picture-0001-1024x682.jpg\" alt=\"\" class=\"wp-image-185\" srcset=\"https:\/\/www.eche.at\/wp-content\/uploads\/2024\/02\/picture-0001-1024x682.jpg 1024w, https:\/\/www.eche.at\/wp-content\/uploads\/2024\/02\/picture-0001-300x200.jpg 300w, https:\/\/www.eche.at\/wp-content\/uploads\/2024\/02\/picture-0001-768x512.jpg 768w, https:\/\/www.eche.at\/wp-content\/uploads\/2024\/02\/picture-0001-1536x1024.jpg 1536w, https:\/\/www.eche.at\/wp-content\/uploads\/2024\/02\/picture-0001-930x620.jpg 930w, https:\/\/www.eche.at\/wp-content\/uploads\/2024\/02\/picture-0001.jpg 2000w\" sizes=\"auto, (max-width: 1024px) 100vw, 1024px\" \/><\/figure>\n\n\n\n<figure class=\"wp-block-image size-large\"><img loading=\"lazy\" decoding=\"async\" width=\"765\" height=\"1024\" src=\"http:\/\/www.eche.at\/wp-content\/uploads\/2024\/02\/helbling_titelseite-765x1024.jpg\" alt=\"\" class=\"wp-image-186\" srcset=\"https:\/\/www.eche.at\/wp-content\/uploads\/2024\/02\/helbling_titelseite-765x1024.jpg 765w, https:\/\/www.eche.at\/wp-content\/uploads\/2024\/02\/helbling_titelseite-224x300.jpg 224w, https:\/\/www.eche.at\/wp-content\/uploads\/2024\/02\/helbling_titelseite-768x1028.jpg 768w, https:\/\/www.eche.at\/wp-content\/uploads\/2024\/02\/helbling_titelseite.jpg 1000w\" sizes=\"auto, (max-width: 765px) 100vw, 765px\" \/><\/figure>\n\n\n\n<figure class=\"wp-block-image size-large\"><img loading=\"lazy\" decoding=\"async\" width=\"1024\" height=\"683\" src=\"http:\/\/www.eche.at\/wp-content\/uploads\/2024\/02\/0a5a8731-1024x683.jpg\" alt=\"\" class=\"wp-image-187\" srcset=\"https:\/\/www.eche.at\/wp-content\/uploads\/2024\/02\/0a5a8731-1024x683.jpg 1024w, https:\/\/www.eche.at\/wp-content\/uploads\/2024\/02\/0a5a8731-300x200.jpg 300w, https:\/\/www.eche.at\/wp-content\/uploads\/2024\/02\/0a5a8731-768x512.jpg 768w, https:\/\/www.eche.at\/wp-content\/uploads\/2024\/02\/0a5a8731-1536x1024.jpg 1536w, https:\/\/www.eche.at\/wp-content\/uploads\/2024\/02\/0a5a8731-2048x1365.jpg 2048w, https:\/\/www.eche.at\/wp-content\/uploads\/2024\/02\/0a5a8731-930x620.jpg 930w\" sizes=\"auto, (max-width: 1024px) 100vw, 1024px\" \/><\/figure>\n\n\n\n<figure class=\"wp-block-image size-large\"><img loading=\"lazy\" decoding=\"async\" width=\"1024\" height=\"635\" src=\"http:\/\/www.eche.at\/wp-content\/uploads\/2024\/02\/tassila_1-1024x635.jpg\" alt=\"\" class=\"wp-image-188\" srcset=\"https:\/\/www.eche.at\/wp-content\/uploads\/2024\/02\/tassila_1-1024x635.jpg 1024w, https:\/\/www.eche.at\/wp-content\/uploads\/2024\/02\/tassila_1-300x186.jpg 300w, https:\/\/www.eche.at\/wp-content\/uploads\/2024\/02\/tassila_1-768x476.jpg 768w, https:\/\/www.eche.at\/wp-content\/uploads\/2024\/02\/tassila_1-1536x953.jpg 1536w, https:\/\/www.eche.at\/wp-content\/uploads\/2024\/02\/tassila_1-2048x1270.jpg 2048w\" sizes=\"auto, (max-width: 1024px) 100vw, 1024px\" \/><\/figure>\n\n\n\n<figure class=\"wp-block-image size-large\"><img loading=\"lazy\" decoding=\"async\" width=\"1024\" height=\"682\" src=\"http:\/\/www.eche.at\/wp-content\/uploads\/2024\/02\/0a5a9928_-_kopie-1024x682.jpg\" alt=\"\" class=\"wp-image-189\" srcset=\"https:\/\/www.eche.at\/wp-content\/uploads\/2024\/02\/0a5a9928_-_kopie-1024x682.jpg 1024w, https:\/\/www.eche.at\/wp-content\/uploads\/2024\/02\/0a5a9928_-_kopie-300x200.jpg 300w, https:\/\/www.eche.at\/wp-content\/uploads\/2024\/02\/0a5a9928_-_kopie-768x512.jpg 768w, https:\/\/www.eche.at\/wp-content\/uploads\/2024\/02\/0a5a9928_-_kopie-1536x1024.jpg 1536w, https:\/\/www.eche.at\/wp-content\/uploads\/2024\/02\/0a5a9928_-_kopie-930x620.jpg 930w, https:\/\/www.eche.at\/wp-content\/uploads\/2024\/02\/0a5a9928_-_kopie.jpg 2000w\" sizes=\"auto, (max-width: 1024px) 100vw, 1024px\" \/><\/figure>\n\n\n\n<figure class=\"wp-block-image size-large\"><img loading=\"lazy\" decoding=\"async\" width=\"1024\" height=\"683\" src=\"http:\/\/www.eche.at\/wp-content\/uploads\/2024\/02\/spielmann_20180207-51185-1024x683.jpg\" alt=\"\" class=\"wp-image-190\" srcset=\"https:\/\/www.eche.at\/wp-content\/uploads\/2024\/02\/spielmann_20180207-51185-1024x683.jpg 1024w, https:\/\/www.eche.at\/wp-content\/uploads\/2024\/02\/spielmann_20180207-51185-300x200.jpg 300w, https:\/\/www.eche.at\/wp-content\/uploads\/2024\/02\/spielmann_20180207-51185-768x512.jpg 768w, https:\/\/www.eche.at\/wp-content\/uploads\/2024\/02\/spielmann_20180207-51185-930x620.jpg 930w, https:\/\/www.eche.at\/wp-content\/uploads\/2024\/02\/spielmann_20180207-51185.jpg 1181w\" sizes=\"auto, (max-width: 1024px) 100vw, 1024px\" \/><\/figure>\n\n\n\n<figure class=\"wp-block-image size-large\"><img loading=\"lazy\" decoding=\"async\" width=\"768\" height=\"1024\" src=\"http:\/\/www.eche.at\/wp-content\/uploads\/2024\/02\/ewreggmozart-768x1024.jpg\" alt=\"\" class=\"wp-image-191\" srcset=\"https:\/\/www.eche.at\/wp-content\/uploads\/2024\/02\/ewreggmozart-768x1024.jpg 768w, https:\/\/www.eche.at\/wp-content\/uploads\/2024\/02\/ewreggmozart-225x300.jpg 225w, https:\/\/www.eche.at\/wp-content\/uploads\/2024\/02\/ewreggmozart.jpg 1000w\" sizes=\"auto, (max-width: 768px) 100vw, 768px\" \/><\/figure>\n\n\n\n<figure class=\"wp-block-image size-large\"><img loading=\"lazy\" decoding=\"async\" width=\"1024\" height=\"409\" src=\"http:\/\/www.eche.at\/wp-content\/uploads\/2024\/02\/martinskirche_tod_in_der_musik-1024x409.jpg\" alt=\"\" class=\"wp-image-192\" srcset=\"https:\/\/www.eche.at\/wp-content\/uploads\/2024\/02\/martinskirche_tod_in_der_musik-1024x409.jpg 1024w, https:\/\/www.eche.at\/wp-content\/uploads\/2024\/02\/martinskirche_tod_in_der_musik-300x120.jpg 300w, https:\/\/www.eche.at\/wp-content\/uploads\/2024\/02\/martinskirche_tod_in_der_musik-768x307.jpg 768w, https:\/\/www.eche.at\/wp-content\/uploads\/2024\/02\/martinskirche_tod_in_der_musik-1536x614.jpg 1536w, https:\/\/www.eche.at\/wp-content\/uploads\/2024\/02\/martinskirche_tod_in_der_musik.jpg 2030w\" sizes=\"auto, (max-width: 1024px) 100vw, 1024px\" \/><\/figure>\n\n\n\n<figure class=\"wp-block-image size-full\"><img loading=\"lazy\" decoding=\"async\" width=\"687\" height=\"895\" src=\"http:\/\/www.eche.at\/wp-content\/uploads\/2024\/02\/kunsthalle_nicolai.jpg\" alt=\"\" class=\"wp-image-193\" srcset=\"https:\/\/www.eche.at\/wp-content\/uploads\/2024\/02\/kunsthalle_nicolai.jpg 687w, https:\/\/www.eche.at\/wp-content\/uploads\/2024\/02\/kunsthalle_nicolai-230x300.jpg 230w\" sizes=\"auto, (max-width: 687px) 100vw, 687px\" \/><\/figure>\n\n\n\n<figure class=\"wp-block-image size-large\"><img loading=\"lazy\" decoding=\"async\" width=\"576\" height=\"1024\" src=\"http:\/\/www.eche.at\/wp-content\/uploads\/2024\/02\/p1290834-576x1024.jpg\" alt=\"\" class=\"wp-image-194\" srcset=\"https:\/\/www.eche.at\/wp-content\/uploads\/2024\/02\/p1290834-576x1024.jpg 576w, https:\/\/www.eche.at\/wp-content\/uploads\/2024\/02\/p1290834-169x300.jpg 169w, https:\/\/www.eche.at\/wp-content\/uploads\/2024\/02\/p1290834-768x1365.jpg 768w, https:\/\/www.eche.at\/wp-content\/uploads\/2024\/02\/p1290834-864x1536.jpg 864w, https:\/\/www.eche.at\/wp-content\/uploads\/2024\/02\/p1290834-1152x2048.jpg 1152w, https:\/\/www.eche.at\/wp-content\/uploads\/2024\/02\/p1290834.jpg 1440w\" sizes=\"auto, (max-width: 576px) 100vw, 576px\" \/><\/figure>","protected":false},"excerpt":{"rendered":"<p>Was ist Musikvermittlung? Aus allen m\u00f6glichen Begriffserkl\u00e4rungen und Interpretationen f\u00e4llt meine Entscheidung auf diesen Erkl\u00e4rungsansatz: Musikvermittlung bietet Zug\u00e4nge,&nbsp;weckt Neugierde, l\u00f6st Begeisterung aus&nbsp;und st\u00e4rkt das Interesse&nbsp;zur Musik! Referenzen: Salzburger Pfingsfestspiele OFF &#8211; Oboe Fagott Festival Kremsm\u00fcnster Internationaler Violinwettbewerb Leopold Mozart Live Music Now &#8211; Augsburg Poldis Kleine Konzerte Helbling Verlag Lugert Verlag emcy &#8211; European Union&hellip;&nbsp;<a href=\"https:\/\/www.eche.at\/en\/musikvermittelnd-projekte\/\" rel=\"bookmark\">Read More &raquo;<span class=\"screen-reader-text\">musikvermittelnd &#8211; Projekte<\/span><\/a><\/p>","protected":false},"author":1,"featured_media":0,"parent":0,"menu_order":0,"comment_status":"closed","ping_status":"closed","template":"","meta":{"neve_meta_sidebar":"","neve_meta_container":"","neve_meta_enable_content_width":"","neve_meta_content_width":0,"neve_meta_title_alignment":"","neve_meta_author_avatar":"","neve_post_elements_order":"","neve_meta_disable_header":"","neve_meta_disable_footer":"","neve_meta_disable_title":"","footnotes":""},"class_list":["post-10","page","type-page","status-publish","hentry"],"_links":{"self":[{"href":"https:\/\/www.eche.at\/en\/wp-json\/wp\/v2\/pages\/10","targetHints":{"allow":["GET"]}}],"collection":[{"href":"https:\/\/www.eche.at\/en\/wp-json\/wp\/v2\/pages"}],"about":[{"href":"https:\/\/www.eche.at\/en\/wp-json\/wp\/v2\/types\/page"}],"author":[{"embeddable":true,"href":"https:\/\/www.eche.at\/en\/wp-json\/wp\/v2\/users\/1"}],"replies":[{"embeddable":true,"href":"https:\/\/www.eche.at\/en\/wp-json\/wp\/v2\/comments?post=10"}],"version-history":[{"count":9,"href":"https:\/\/www.eche.at\/en\/wp-json\/wp\/v2\/pages\/10\/revisions"}],"predecessor-version":[{"id":204,"href":"https:\/\/www.eche.at\/en\/wp-json\/wp\/v2\/pages\/10\/revisions\/204"}],"wp:attachment":[{"href":"https:\/\/www.eche.at\/en\/wp-json\/wp\/v2\/media?parent=10"}],"curies":[{"name":"wp","href":"https:\/\/api.w.org\/{rel}","templated":true}]}}