{"id":15,"date":"2024-02-05T16:56:58","date_gmt":"2024-02-05T15:56:58","guid":{"rendered":"https:\/\/futurgold.com\/eche\/?page_id=15"},"modified":"2024-02-06T16:24:13","modified_gmt":"2024-02-06T15:24:13","slug":"vermittelnd-bruckner-hoch-3","status":"publish","type":"page","link":"https:\/\/www.eche.at\/en\/vermittelnd-bruckner-hoch-3\/","title":{"rendered":"vermittelnd &#8211; BRUCKNER HOCH 3"},"content":{"rendered":"<figure class=\"wp-block-image size-full\"><img loading=\"lazy\" decoding=\"async\" width=\"800\" height=\"500\" src=\"http:\/\/www.eche.at\/wp-content\/uploads\/2024\/02\/20210820_155707-1.jpg\" alt=\"\" class=\"wp-image-75\" srcset=\"https:\/\/www.eche.at\/wp-content\/uploads\/2024\/02\/20210820_155707-1.jpg 800w, https:\/\/www.eche.at\/wp-content\/uploads\/2024\/02\/20210820_155707-1-300x188.jpg 300w, https:\/\/www.eche.at\/wp-content\/uploads\/2024\/02\/20210820_155707-1-768x480.jpg 768w\" sizes=\"auto, (max-width: 800px) 100vw, 800px\" \/><\/figure>\n\n\n\n<p><strong>BRUCKNER HOCH 3<\/strong><\/p>\n\n\n\n<p>Das Vermittlungsformat BRUCKNER HOCH 3 thematisiert&nbsp;den ber\u00fchmten Ober\u00f6sterreicher&nbsp;<strong>Anton Bruckner und seine Musik<\/strong>.<\/p>\n\n\n\n<p>Bruckner Hoch 3 ist ein Vermittlungsformat in 3 Modulen f\u00fcr Schulklassen aller Stufen.<br>Die Sch\u00fcler*innen bekommen ganz individuell Zugang zu Leben und Musik Anton Bruckners.<br>Ein*e Vermittler*in bereitet die Thematik kreativ, informativ und multisensorisch mit verschiedenen Methoden der Musikp\u00e4dagogik, Kunst- und Musikvermittlung auf.<\/p>\n\n\n\n<p>Je nach Altersgruppe, Schultyp und besonderen Bed\u00fcrfnissen der Klasse wird individuell reagiert, Biografie und Musik Bruckners sind dabei konstante Elemente, mit der jede*r Sch\u00fcler*in vertraut gemacht werden kann. Anhand musealer Objekte aus dem Biedermeier zum An- und Begreifen werden Unterschiede (und Gemeinsamkeiten) von damals und jetzt lebendig. Ein Bruckner-Song wird einstudiert.<\/p>\n\n\n\n<p>Die Orgel, die Anton Bruckner virtuos spielte, wird thematisiert \u2013 als H\u00f6rerlebnis spielen die Sch\u00fcler*innen auch mit Orgelpfeifen. Bruckner als Mensch wird erfahrbar und seine Kompositionen regen bei einem Musik-H\u00f6r-Spiel zu eigenen Gedanken und Fantasien an und schaffen so einen individuellen Zugang.<\/p>\n\n\n\n<p>Ablauf<\/p>\n\n\n\n<p>Modul 1: &nbsp;&nbsp;&nbsp;&nbsp;&nbsp; Workshop mit Vermittler*in (2 Unterrichtseinheiten) direkt in der Klasse.<\/p>\n\n\n\n<p>Modul 2: &nbsp;&nbsp;&nbsp;&nbsp;&nbsp; Workshop mit Vermittler*in (2 Unterrichtseinheiten) direkt in der Klasse.<\/p>\n\n\n\n<p>Modul 3: &nbsp;&nbsp;&nbsp;&nbsp;&nbsp; Exkursion ins Stift St. Florian. Die Sch\u00fcler*innen sind mittlerweile Bruckner-Spezialist*innen, besuchen das Vermittlungsprogramm #antonbruckner (Dauer 120min) und erkunden das Stift St. Florian auf den Spuren des Komponisten.<\/p>\n\n\n\n<p>Dem Alter angepasst werden Anton Bruckner, sein Leben und seine Musik kreativ und informativ durch eine Musikvermittlerin in Workshops, die in der Schule stattfinden, aufbereitet. Anhand von musealen Objekten aus dem Biedermeier, die die Vermittlerin in die Schule zum An- und Begreifen mitnimmt, werden Unterschiede von damals und jetzt lebendig. Auch die Orgel, die Anton Bruckner virtuos spielte, wird erkl\u00e4rt \u2013 als H\u00f6rerlebnis spielen Sch\u00fcler*innen in Orgelpfeifen und werden selbst zu einem Orgelpfeifenensemble.<\/p>\n\n\n\n<p>Direktor der Europaschule Linz:&nbsp;<em>\u201e\u2026 und dann h\u00f6rte man sogar in der Pause Sch\u00fcler \u00fcber Anton Bruckner reden. Bruckner und die Biedermeier Zeit waren n\u00e4her ger\u00fcckt und ein interessantes&nbsp;Gespr\u00e4chsthema.\u201c<\/em><\/p>\n\n\n\n<p>BRUCKNER HOCH 3 ber\u00fchrt die Unterrichtsbereiche Musikerziehung, Bildnerisches Gestalten, Geschichte und Sachunterricht.<\/p>\n\n\n\n<figure class=\"wp-block-image size-large\"><img loading=\"lazy\" decoding=\"async\" width=\"768\" height=\"1024\" src=\"http:\/\/www.eche.at\/wp-content\/uploads\/2024\/02\/20220814_165730-768x1024.jpg\" alt=\"\" class=\"wp-image-199\" srcset=\"https:\/\/www.eche.at\/wp-content\/uploads\/2024\/02\/20220814_165730-768x1024.jpg 768w, https:\/\/www.eche.at\/wp-content\/uploads\/2024\/02\/20220814_165730-225x300.jpg 225w, https:\/\/www.eche.at\/wp-content\/uploads\/2024\/02\/20220814_165730-1152x1536.jpg 1152w, https:\/\/www.eche.at\/wp-content\/uploads\/2024\/02\/20220814_165730-1536x2048.jpg 1536w, https:\/\/www.eche.at\/wp-content\/uploads\/2024\/02\/20220814_165730-scaled.jpg 1920w\" sizes=\"auto, (max-width: 768px) 100vw, 768px\" \/><\/figure>\n\n\n\n<figure class=\"wp-block-image size-large\"><img loading=\"lazy\" decoding=\"async\" width=\"1024\" height=\"421\" src=\"http:\/\/www.eche.at\/wp-content\/uploads\/2024\/02\/bruckner_hoch_3_klein-1024x421.png\" alt=\"\" class=\"wp-image-200\" srcset=\"https:\/\/www.eche.at\/wp-content\/uploads\/2024\/02\/bruckner_hoch_3_klein-1024x421.png 1024w, https:\/\/www.eche.at\/wp-content\/uploads\/2024\/02\/bruckner_hoch_3_klein-300x123.png 300w, https:\/\/www.eche.at\/wp-content\/uploads\/2024\/02\/bruckner_hoch_3_klein-768x316.png 768w, https:\/\/www.eche.at\/wp-content\/uploads\/2024\/02\/bruckner_hoch_3_klein-1536x632.png 1536w, https:\/\/www.eche.at\/wp-content\/uploads\/2024\/02\/bruckner_hoch_3_klein-2048x843.png 2048w\" sizes=\"auto, (max-width: 1024px) 100vw, 1024px\" \/><\/figure>","protected":false},"excerpt":{"rendered":"<p>BRUCKNER HOCH 3 Das Vermittlungsformat BRUCKNER HOCH 3 thematisiert&nbsp;den ber\u00fchmten Ober\u00f6sterreicher&nbsp;Anton Bruckner und seine Musik. Bruckner Hoch 3 ist ein Vermittlungsformat in 3 Modulen f\u00fcr Schulklassen aller Stufen.Die Sch\u00fcler*innen bekommen ganz individuell Zugang zu Leben und Musik Anton Bruckners.Ein*e Vermittler*in bereitet die Thematik kreativ, informativ und multisensorisch mit verschiedenen Methoden der Musikp\u00e4dagogik, Kunst- und Musikvermittlung&hellip;&nbsp;<a href=\"https:\/\/www.eche.at\/en\/vermittelnd-bruckner-hoch-3\/\" rel=\"bookmark\">Read More &raquo;<span class=\"screen-reader-text\">vermittelnd &#8211; BRUCKNER HOCH 3<\/span><\/a><\/p>","protected":false},"author":1,"featured_media":0,"parent":0,"menu_order":0,"comment_status":"closed","ping_status":"closed","template":"","meta":{"neve_meta_sidebar":"","neve_meta_container":"","neve_meta_enable_content_width":"","neve_meta_content_width":0,"neve_meta_title_alignment":"","neve_meta_author_avatar":"","neve_post_elements_order":"","neve_meta_disable_header":"","neve_meta_disable_footer":"","neve_meta_disable_title":"","footnotes":""},"class_list":["post-15","page","type-page","status-publish","hentry"],"_links":{"self":[{"href":"https:\/\/www.eche.at\/en\/wp-json\/wp\/v2\/pages\/15","targetHints":{"allow":["GET"]}}],"collection":[{"href":"https:\/\/www.eche.at\/en\/wp-json\/wp\/v2\/pages"}],"about":[{"href":"https:\/\/www.eche.at\/en\/wp-json\/wp\/v2\/types\/page"}],"author":[{"embeddable":true,"href":"https:\/\/www.eche.at\/en\/wp-json\/wp\/v2\/users\/1"}],"replies":[{"embeddable":true,"href":"https:\/\/www.eche.at\/en\/wp-json\/wp\/v2\/comments?post=15"}],"version-history":[{"count":3,"href":"https:\/\/www.eche.at\/en\/wp-json\/wp\/v2\/pages\/15\/revisions"}],"predecessor-version":[{"id":201,"href":"https:\/\/www.eche.at\/en\/wp-json\/wp\/v2\/pages\/15\/revisions\/201"}],"wp:attachment":[{"href":"https:\/\/www.eche.at\/en\/wp-json\/wp\/v2\/media?parent=15"}],"curies":[{"name":"wp","href":"https:\/\/api.w.org\/{rel}","templated":true}]}}