{"id":17,"date":"2024-02-05T16:58:32","date_gmt":"2024-02-05T15:58:32","guid":{"rendered":"https:\/\/futurgold.com\/eche\/?page_id=17"},"modified":"2024-02-06T16:28:46","modified_gmt":"2024-02-06T15:28:46","slug":"musizierend-tassila-die-gartenfee","status":"publish","type":"page","link":"https:\/\/www.eche.at\/en\/musizierend-tassila-die-gartenfee\/","title":{"rendered":"musizierend &#8211; Tassila, die Gartenfee"},"content":{"rendered":"<figure class=\"wp-block-image size-full\"><img loading=\"lazy\" decoding=\"async\" width=\"800\" height=\"500\" src=\"http:\/\/www.eche.at\/wp-content\/uploads\/2024\/02\/tassila2_3_-_kopie.jpg\" alt=\"\" class=\"wp-image-18\" srcset=\"https:\/\/www.eche.at\/wp-content\/uploads\/2024\/02\/tassila2_3_-_kopie.jpg 800w, https:\/\/www.eche.at\/wp-content\/uploads\/2024\/02\/tassila2_3_-_kopie-300x188.jpg 300w, https:\/\/www.eche.at\/wp-content\/uploads\/2024\/02\/tassila2_3_-_kopie-768x480.jpg 768w\" sizes=\"auto, (max-width: 800px) 100vw, 800px\" \/><\/figure>\n\n\n\n<p><strong>NEU:<\/strong><\/p>\n\n\n\n<p><strong>Tassila bekommt Besuch<\/strong><\/p>\n\n\n\n<p>Ein Familienkonzert mit der Gartenfee Tassila zum Lachen und Entspannen &#8211; weil Stress, das lernt hier Tassila, bringt gar nichts!<\/p>\n\n\n\n<p><strong>Inhalt:<\/strong><br>Die Gartenfee Tassila erf\u00e4hrt \u00fcber Post, dass sie kurzfristig Besuch ihrer Feen-Freunde bekommt und genie\u00dft zuerst die Vorstellung des Wiedersehens. Dann allerdings entdeckt sie, dass sie ziemlich viel vorzubereiten hat, um ihre Freunde herzlich Willkommen zu hei\u00dfen.<strong>&nbsp;<\/strong>Sie verzweifelt, weil sie nicht wei\u00df, wie sie alles in kurzer Zeit&nbsp;schaffen soll. Zum Gl\u00fcck helfen ihr die verschiedenen Bl\u00fcmchen mit ihren unterschiedlichen Charakteren. Jetzt kann die Gartenfee Tassila in entspannter Vorfreude den Besuch erwarten&#8230;<br>Die Blumen sprechen dieses Mal in den unterschiedlichsten La Folia Variationen Corellis \u2013 so wird anhand der Tassila-Geschichte der musikalische Begriff der Variation h\u00f6r- und erlebbar. Zus\u00e4tzlich wird wieder&nbsp;Musik aus unterschiedlichsten Epochen\/Stilen mit dabei sein.<\/p>\n\n\n\n<p><strong>Magdalena Rath, Edith&nbsp;<\/strong>und<strong>&nbsp;Hannes Wregg&nbsp;<\/strong>unterst\u00fctzen Tassila beim Entstressen mit Blockfl\u00f6ten, Fagott, Diatonischer Harmonika, Stimme.<\/p>\n\n\n\n<p><strong>Idee, Konzept und B\u00fchnenbild<\/strong>: Edith Wregg<\/p>\n\n\n\n<p><strong>Dauer:&nbsp;<\/strong>in etwa 50 Minuten<\/p>\n\n\n\n<p><strong>Tassila, wach auf!<\/strong><\/p>\n\n\n\n<p>Ein heiteres wie auch spannendes Familienkonzert mit der Gartenfee Tassila<\/p>\n\n\n\n<p><strong>Inhalt:<\/strong><\/p>\n\n\n\n<p>Die Gartenfee Tassila wird von Tag zu Tag m\u00fcder und findet keine Kraft mehr, ihre Pflanzen zu betreuen. Was ist nur passiert?<\/p>\n\n\n\n<p>Zusammen mit 3 MusikerInnen beschlie\u00dfen die Blumen in ihrem Garten die M\u00fcdigkeit ihrer Gartenfee wegzuzaubern. Und tats\u00e4chlich: Sie wird immer wieder munter, w\u00e4re da nicht pl\u00f6tzlich \u2026 Kann ein Zauberlied&nbsp;die Pflanzen und ihre Fee retten?<\/p>\n\n\n\n<p><strong>Magdalena Rath, Edith&nbsp;<\/strong>und<strong>&nbsp;Hannes Wregg<\/strong>&nbsp;versuchen Tassila mit Blockfl\u00f6ten, Fagott, Diatonischer Harmonika, Stimme und zauberhafter Musik zu helfen. Die Hilfsaktion gelingt nat\u00fcrlich leichter, wenn viele mitmachen \ud83d\ude09<\/p>\n\n\n\n<p><strong>Idee, Konzept und B\u00fchnenbild:&nbsp;<\/strong>Edith Wregg<\/p>\n\n\n\n<p><strong>Dauer:&nbsp;<\/strong>in etwa 50 Minuten<\/p>\n\n\n\n<p>Bei&nbsp;<strong>Interesse, Fragen&nbsp;<\/strong>oder&nbsp;<strong>Neugier<\/strong>&nbsp;auf Details bitte unter&nbsp;<strong>he.wregg@aon.at kontaktieren<\/strong>.&nbsp;<\/p>\n\n\n\n<p>Tassila ist \u00fcbrigens sehr gl\u00fccklich \u00fcber das kurze Filmchen, das man auf Youtube sehen kann:<\/p>\n\n\n\n<figure class=\"wp-block-embed is-type-video is-provider-youtube wp-block-embed-youtube wp-embed-aspect-16-9 wp-has-aspect-ratio\"><div class=\"wp-block-embed__wrapper\">\n<div class=\"nv-iframe-embed\"><iframe loading=\"lazy\" title=\"Tassila - Die Gartenfee\" width=\"1200\" height=\"675\" src=\"https:\/\/www.youtube.com\/embed\/xwAO8bDMn00?feature=oembed\" frameborder=\"0\" allow=\"accelerometer; autoplay; clipboard-write; encrypted-media; gyroscope; picture-in-picture; web-share\" allowfullscreen><\/iframe><\/div>\n<\/div><\/figure>\n\n\n\n<figure class=\"wp-block-image size-large\"><img loading=\"lazy\" decoding=\"async\" width=\"1024\" height=\"683\" src=\"http:\/\/www.eche.at\/wp-content\/uploads\/2024\/02\/die_tassilanten-1024x683.jpg\" alt=\"\" class=\"wp-image-203\" srcset=\"https:\/\/www.eche.at\/wp-content\/uploads\/2024\/02\/die_tassilanten-1024x683.jpg 1024w, https:\/\/www.eche.at\/wp-content\/uploads\/2024\/02\/die_tassilanten-300x200.jpg 300w, https:\/\/www.eche.at\/wp-content\/uploads\/2024\/02\/die_tassilanten-768x512.jpg 768w, https:\/\/www.eche.at\/wp-content\/uploads\/2024\/02\/die_tassilanten-1536x1024.jpg 1536w, https:\/\/www.eche.at\/wp-content\/uploads\/2024\/02\/die_tassilanten-930x620.jpg 930w, https:\/\/www.eche.at\/wp-content\/uploads\/2024\/02\/die_tassilanten.jpg 1548w\" sizes=\"auto, (max-width: 1024px) 100vw, 1024px\" \/><\/figure>\n\n\n\n<figure class=\"wp-block-image size-large\"><img loading=\"lazy\" decoding=\"async\" width=\"1024\" height=\"768\" src=\"http:\/\/www.eche.at\/wp-content\/uploads\/2024\/02\/tassila_14_0-1024x768.jpg\" alt=\"\" class=\"wp-image-206\" srcset=\"https:\/\/www.eche.at\/wp-content\/uploads\/2024\/02\/tassila_14_0-1024x768.jpg 1024w, https:\/\/www.eche.at\/wp-content\/uploads\/2024\/02\/tassila_14_0-300x225.jpg 300w, https:\/\/www.eche.at\/wp-content\/uploads\/2024\/02\/tassila_14_0-768x576.jpg 768w, https:\/\/www.eche.at\/wp-content\/uploads\/2024\/02\/tassila_14_0-1536x1152.jpg 1536w, https:\/\/www.eche.at\/wp-content\/uploads\/2024\/02\/tassila_14_0-2048x1536.jpg 2048w\" sizes=\"auto, (max-width: 1024px) 100vw, 1024px\" \/><\/figure>\n\n\n\n<figure class=\"wp-block-image size-large\"><img loading=\"lazy\" decoding=\"async\" width=\"1024\" height=\"514\" src=\"http:\/\/www.eche.at\/wp-content\/uploads\/2024\/02\/tassila13-1024x514.jpg\" alt=\"\" class=\"wp-image-207\" srcset=\"https:\/\/www.eche.at\/wp-content\/uploads\/2024\/02\/tassila13-1024x514.jpg 1024w, https:\/\/www.eche.at\/wp-content\/uploads\/2024\/02\/tassila13-300x151.jpg 300w, https:\/\/www.eche.at\/wp-content\/uploads\/2024\/02\/tassila13-768x386.jpg 768w, https:\/\/www.eche.at\/wp-content\/uploads\/2024\/02\/tassila13-1536x772.jpg 1536w, https:\/\/www.eche.at\/wp-content\/uploads\/2024\/02\/tassila13-2048x1029.jpg 2048w\" sizes=\"auto, (max-width: 1024px) 100vw, 1024px\" \/><\/figure>\n\n\n\n<figure class=\"wp-block-image size-large\"><img loading=\"lazy\" decoding=\"async\" width=\"1024\" height=\"768\" src=\"http:\/\/www.eche.at\/wp-content\/uploads\/2024\/02\/fb_img_1537735992635-1024x768.jpg\" alt=\"\" class=\"wp-image-208\" srcset=\"https:\/\/www.eche.at\/wp-content\/uploads\/2024\/02\/fb_img_1537735992635-1024x768.jpg 1024w, https:\/\/www.eche.at\/wp-content\/uploads\/2024\/02\/fb_img_1537735992635-300x225.jpg 300w, https:\/\/www.eche.at\/wp-content\/uploads\/2024\/02\/fb_img_1537735992635-768x576.jpg 768w, https:\/\/www.eche.at\/wp-content\/uploads\/2024\/02\/fb_img_1537735992635.jpg 1280w\" sizes=\"auto, (max-width: 1024px) 100vw, 1024px\" \/><\/figure>\n\n\n\n<figure class=\"wp-block-image size-large is-resized\"><img loading=\"lazy\" decoding=\"async\" width=\"1024\" height=\"681\" src=\"http:\/\/www.eche.at\/wp-content\/uploads\/2024\/02\/tassila_end-1024x681.jpg\" alt=\"\" class=\"wp-image-209\" style=\"width:1143px;height:auto\" srcset=\"https:\/\/www.eche.at\/wp-content\/uploads\/2024\/02\/tassila_end-1024x681.jpg 1024w, https:\/\/www.eche.at\/wp-content\/uploads\/2024\/02\/tassila_end-300x199.jpg 300w, https:\/\/www.eche.at\/wp-content\/uploads\/2024\/02\/tassila_end-768x511.jpg 768w, https:\/\/www.eche.at\/wp-content\/uploads\/2024\/02\/tassila_end-1536x1021.jpg 1536w, https:\/\/www.eche.at\/wp-content\/uploads\/2024\/02\/tassila_end-2048x1362.jpg 2048w\" sizes=\"auto, (max-width: 1024px) 100vw, 1024px\" \/><\/figure>\n\n\n\n<figure class=\"wp-block-image size-large\"><img loading=\"lazy\" decoding=\"async\" width=\"1024\" height=\"680\" src=\"http:\/\/www.eche.at\/wp-content\/uploads\/2024\/02\/dsc_0678-2-1024x680.jpg\" alt=\"\" class=\"wp-image-210\" srcset=\"https:\/\/www.eche.at\/wp-content\/uploads\/2024\/02\/dsc_0678-2-1024x680.jpg 1024w, https:\/\/www.eche.at\/wp-content\/uploads\/2024\/02\/dsc_0678-2-300x199.jpg 300w, https:\/\/www.eche.at\/wp-content\/uploads\/2024\/02\/dsc_0678-2-768x510.jpg 768w, https:\/\/www.eche.at\/wp-content\/uploads\/2024\/02\/dsc_0678-2-1536x1021.jpg 1536w, https:\/\/www.eche.at\/wp-content\/uploads\/2024\/02\/dsc_0678-2.jpg 2000w\" sizes=\"auto, (max-width: 1024px) 100vw, 1024px\" \/><\/figure>","protected":false},"excerpt":{"rendered":"<p>NEU: Tassila bekommt Besuch Ein Familienkonzert mit der Gartenfee Tassila zum Lachen und Entspannen &#8211; weil Stress, das lernt hier Tassila, bringt gar nichts! Inhalt:Die Gartenfee Tassila erf\u00e4hrt \u00fcber Post, dass sie kurzfristig Besuch ihrer Feen-Freunde bekommt und genie\u00dft zuerst die Vorstellung des Wiedersehens. Dann allerdings entdeckt sie, dass sie ziemlich viel vorzubereiten hat, um&hellip;&nbsp;<a href=\"https:\/\/www.eche.at\/en\/musizierend-tassila-die-gartenfee\/\" rel=\"bookmark\">Read More &raquo;<span class=\"screen-reader-text\">musizierend &#8211; Tassila, die Gartenfee<\/span><\/a><\/p>","protected":false},"author":1,"featured_media":0,"parent":0,"menu_order":0,"comment_status":"closed","ping_status":"closed","template":"","meta":{"neve_meta_sidebar":"","neve_meta_container":"","neve_meta_enable_content_width":"","neve_meta_content_width":0,"neve_meta_title_alignment":"","neve_meta_author_avatar":"","neve_post_elements_order":"","neve_meta_disable_header":"","neve_meta_disable_footer":"","neve_meta_disable_title":"","footnotes":""},"class_list":["post-17","page","type-page","status-publish","hentry"],"_links":{"self":[{"href":"https:\/\/www.eche.at\/en\/wp-json\/wp\/v2\/pages\/17","targetHints":{"allow":["GET"]}}],"collection":[{"href":"https:\/\/www.eche.at\/en\/wp-json\/wp\/v2\/pages"}],"about":[{"href":"https:\/\/www.eche.at\/en\/wp-json\/wp\/v2\/types\/page"}],"author":[{"embeddable":true,"href":"https:\/\/www.eche.at\/en\/wp-json\/wp\/v2\/users\/1"}],"replies":[{"embeddable":true,"href":"https:\/\/www.eche.at\/en\/wp-json\/wp\/v2\/comments?post=17"}],"version-history":[{"count":2,"href":"https:\/\/www.eche.at\/en\/wp-json\/wp\/v2\/pages\/17\/revisions"}],"predecessor-version":[{"id":211,"href":"https:\/\/www.eche.at\/en\/wp-json\/wp\/v2\/pages\/17\/revisions\/211"}],"wp:attachment":[{"href":"https:\/\/www.eche.at\/en\/wp-json\/wp\/v2\/media?parent=17"}],"curies":[{"name":"wp","href":"https:\/\/api.w.org\/{rel}","templated":true}]}}